{"id":12057,"date":"2024-08-27T18:04:18","date_gmt":"2024-08-27T18:04:18","guid":{"rendered":"https:\/\/eltiosampuertovallarta.com\/en\/?post_type=product&#038;p=12057"},"modified":"2025-08-23T23:54:48","modified_gmt":"2025-08-23T23:54:48","slug":"gas-grill-spirit-weber-e-330-negro-el-tio-sam-puerto-vallarta","status":"publish","type":"product","link":"https:\/\/eltiosampuertovallarta.com\/en\/producto\/gas-grill-spirit-weber-e-330-negro-el-tio-sam-puerto-vallarta\/","title":{"rendered":"Gas grill Spirit Weber &#8211;  E-330 NEGRO &#8211; El Tio Sam Puerto Vallarta"},"content":{"rendered":"","protected":false},"excerpt":{"rendered":"<p>Experimenta llevando el amor por la cocina del jard\u00edn a un nuevo nivel. Sirve un corte exquisito asado a la perfecci\u00f3n en la estaci\u00f3n de sellado, sin nada m\u00e1s que sus ingredientes y el asador de gas Spirit E-330.<\/p>\n<p>Features:<\/p>\n<div class=\"spec\">Quemadores principales: kW\/h9.38<\/div>\n<div class=\"spec\">Quemador estacion de sellado: kW\/h2.20<\/div>\n<div class=\"spec\">Quemador lateral: kW\/h: 3.52<\/div>\n<div class=\"spec\">Dimensiones, tapa abierta (cm): 160.1cm Alto x 132.1cm Ancho x 81.3cm Profundidad<\/div>\n<div class=\"spec\">Dimensiones, tapa cerrada (cm): 115.6cm Alto x 132.1cm Ancho x 61cm Profundidad<\/div>\n<div class=\"spec\">\u00c1rea de cocci\u00f3n principal (cm): 60 x 45<\/div>\n<div>\n<div class=\"spec\">\u00c1rea del soporte para calentar (cm): 60 x 12<\/div>\n<div class=\"spec\">Quemadores de acero inoxidable: 3<\/div>\n<div class=\"spec\">Tipo de combustible: Gas LP (tanque de 20\u00a0lb, de venta por separado)<\/div>\n<div class=\"spec\">Mesas laterales: 2<\/div>\n<div class=\"spec\">Parrillas de cocci\u00f3n: Parrillas porcelanizadas<\/div>\n<div class=\"spec\">Ruedas giratorias: 2<\/div>\n<\/div>\n","protected":false},"featured_media":12058,"comment_status":"open","ping_status":"closed","template":"","meta":[],"class_list":{"0":"post-12057","1":"product","2":"type-product","3":"status-publish","4":"has-post-thumbnail","6":"product_brand-weber","7":"product_cat-grills","8":"product_tag-bbq-grill","9":"product_tag-el-tio-sam-appliances-vallarta","10":"product_tag-gas-grill","11":"product_tag-grill","12":"product_tag-weber-gas-grills","14":"first","15":"instock","16":"shipping-taxable","17":"product-type-simple"},"_links":{"self":[{"href":"https:\/\/eltiosampuertovallarta.com\/en\/wp-json\/wp\/v2\/product\/12057","targetHints":{"allow":["GET"]}}],"collection":[{"href":"https:\/\/eltiosampuertovallarta.com\/en\/wp-json\/wp\/v2\/product"}],"about":[{"href":"https:\/\/eltiosampuertovallarta.com\/en\/wp-json\/wp\/v2\/types\/product"}],"replies":[{"embeddable":true,"href":"https:\/\/eltiosampuertovallarta.com\/en\/wp-json\/wp\/v2\/comments?post=12057"}],"wp:featuredmedia":[{"embeddable":true,"href":"https:\/\/eltiosampuertovallarta.com\/en\/wp-json\/wp\/v2\/media\/12058"}],"wp:attachment":[{"href":"https:\/\/eltiosampuertovallarta.com\/en\/wp-json\/wp\/v2\/media?parent=12057"}],"curies":[{"name":"wp","href":"https:\/\/api.w.org\/{rel}","templated":true}]}}