{"id":12075,"date":"2024-08-27T19:14:34","date_gmt":"2024-08-27T19:14:34","guid":{"rendered":"https:\/\/eltiosampuertovallarta.com\/en\/?post_type=product&#038;p=12075"},"modified":"2024-08-27T19:21:01","modified_gmt":"2024-08-27T19:21:01","slug":"electric-grill-weber-lumin-el-tio-sam-puerto-vallarta","status":"publish","type":"product","link":"https:\/\/eltiosampuertovallarta.com\/en\/producto\/electric-grill-weber-lumin-el-tio-sam-puerto-vallarta\/","title":{"rendered":"Electric grill Weber  &#8211; LUMIN &#8211; El Tio Sam Puerto Vallarta"},"content":{"rendered":"","protected":false},"excerpt":{"rendered":"<p>Con su elevada temperatura y su gran versatilidad, el asador el\u00e9ctrico Lumin* de Weber lleva la cocina al aire libre en la ciudad hasta nuevas alturas. Este asador el\u00e9ctrico multifuncional alcanza temperaturas de m\u00e1s de 315 \u00b0C para lograr unas marcas de parrilla de alta calidad que satisfar\u00e1n incluso a los m\u00e1s exigentes, mientras que la infusi\u00f3n de ahumado realzar\u00e1 ese sabor inconfundible a parrilla que anhelan los invitados.<\/p>\n<p>Features:<\/p>\n<div class=\"spec\">\n<div class=\"spec\">Alcanza temperaturas muy altas (superiores a 315 \u00b0C)<br \/>\n\u2022 Marca, ah\u00fama, cocina al vapor y cuece con diferentes ajustes de cocci\u00f3n<br \/>\n\u2022 Mant\u00e9n las comidas calientes para que los invitados se sirvan por s\u00ed mismos<br \/>\n\u2022 Cocina alimentos descongel\u00e1ndolos directamente en el asador durante el precalentamiento<br \/>\n\u2022 Gu\u00e1rdalo de manera sencilla gracias a su dise\u00f1o compacto y eficiente<\/div>\n<div>Dimensiones del art\u00edculo Largo x ancho x alto: \u200e59,8 x 49,4 x 31,8 centimeters<\/div>\n<\/div>\n","protected":false},"featured_media":12076,"comment_status":"open","ping_status":"closed","template":"","meta":[],"class_list":{"0":"post-12075","1":"product","2":"type-product","3":"status-publish","4":"has-post-thumbnail","6":"product_brand-weber","7":"product_cat-grills","8":"product_tag-bbq-grill","9":"product_tag-el-tio-sam-appliances-vallarta","10":"product_tag-gas-grill","11":"product_tag-grill","12":"product_tag-weber-gas-grills","14":"first","15":"instock","16":"shipping-taxable","17":"product-type-simple"},"_links":{"self":[{"href":"https:\/\/eltiosampuertovallarta.com\/en\/wp-json\/wp\/v2\/product\/12075","targetHints":{"allow":["GET"]}}],"collection":[{"href":"https:\/\/eltiosampuertovallarta.com\/en\/wp-json\/wp\/v2\/product"}],"about":[{"href":"https:\/\/eltiosampuertovallarta.com\/en\/wp-json\/wp\/v2\/types\/product"}],"replies":[{"embeddable":true,"href":"https:\/\/eltiosampuertovallarta.com\/en\/wp-json\/wp\/v2\/comments?post=12075"}],"wp:featuredmedia":[{"embeddable":true,"href":"https:\/\/eltiosampuertovallarta.com\/en\/wp-json\/wp\/v2\/media\/12076"}],"wp:attachment":[{"href":"https:\/\/eltiosampuertovallarta.com\/en\/wp-json\/wp\/v2\/media?parent=12075"}],"curies":[{"name":"wp","href":"https:\/\/api.w.org\/{rel}","templated":true}]}}