{"id":12086,"date":"2024-08-27T20:41:44","date_gmt":"2024-08-27T20:41:44","guid":{"rendered":"https:\/\/eltiosampuertovallarta.com\/en\/?post_type=product&#038;p=12086"},"modified":"2024-08-27T20:45:48","modified_gmt":"2024-08-27T20:45:48","slug":"gas-grill-weber-weber-traveler-lp-blk-el-tio-sam-puerto-vallarta","status":"publish","type":"product","link":"https:\/\/eltiosampuertovallarta.com\/en\/producto\/gas-grill-weber-weber-traveler-lp-blk-el-tio-sam-puerto-vallarta\/","title":{"rendered":"Gas grill Weber  &#8211; WEBER TRAVELER LP BLK &#8211; El Tio Sam Puerto Vallarta"},"content":{"rendered":"","protected":false},"excerpt":{"rendered":"<p>El asador port\u00e1til de gas Weber Traveler* est\u00e1 pensado para quienes quieren disfrutar de deliciosas parrilladas cuando est\u00e1n fuera de casa. Ya sea que tengas previsto acampar, vayas a organizar una carne asada en un estacionamiento o est\u00e9s pensando en un d\u00eda de campo, su dise\u00f1o compacto y s\u00f3lido te asegurar\u00e1 una experiencia \u00f3ptima, desde la instalaci\u00f3n hasta el almacenamiento.<\/p>\n<p>Features:<\/p>\n<div class=\"spec\">\n<div class=\"spec\">Dise\u00f1o plegable que cabe f\u00e1cilmente en la cajuela de un auto o \u00e1rea de almacenamiento.<br \/>\n\u2022 Extensa \u00e1rea de cocci\u00f3n: toda la comida estar\u00e1 lista al mismo tiempo.<br \/>\n\u2022 Dise\u00f1ado especialmente para optimizar el uso de gas.<br \/>\n\u2022 Amplio rango de temperatura para cocinar hot cakes, cortes sellados y m\u00e1s.<br \/>\n\u2022 F\u00e1cil de transportar para que puedas llev\u00e1rtelo a donde vayas.<br \/>\n\u2022 El asador est\u00e1 unido al carro, lo que permite empezar a cocinar lo antes posible.<br \/>\n\u2022 Disponible en azul Deep Ocean, rojo, negro y Stealth Edition.<\/div>\n<div>Dimensiones del producto: \u200e<b>108,51 x 110,74 x 94,49 cm<\/b>; 14,51 kg<\/div>\n<\/div>\n","protected":false},"featured_media":12087,"comment_status":"open","ping_status":"closed","template":"","meta":[],"class_list":{"0":"post-12086","1":"product","2":"type-product","3":"status-publish","4":"has-post-thumbnail","6":"product_brand-weber","7":"product_cat-grills","8":"product_tag-bbq-grill","9":"product_tag-el-tio-sam-appliances-vallarta","10":"product_tag-gas-grill","11":"product_tag-grill","12":"product_tag-weber-gas-grills","14":"first","15":"instock","16":"shipping-taxable","17":"product-type-simple"},"_links":{"self":[{"href":"https:\/\/eltiosampuertovallarta.com\/en\/wp-json\/wp\/v2\/product\/12086","targetHints":{"allow":["GET"]}}],"collection":[{"href":"https:\/\/eltiosampuertovallarta.com\/en\/wp-json\/wp\/v2\/product"}],"about":[{"href":"https:\/\/eltiosampuertovallarta.com\/en\/wp-json\/wp\/v2\/types\/product"}],"replies":[{"embeddable":true,"href":"https:\/\/eltiosampuertovallarta.com\/en\/wp-json\/wp\/v2\/comments?post=12086"}],"wp:featuredmedia":[{"embeddable":true,"href":"https:\/\/eltiosampuertovallarta.com\/en\/wp-json\/wp\/v2\/media\/12087"}],"wp:attachment":[{"href":"https:\/\/eltiosampuertovallarta.com\/en\/wp-json\/wp\/v2\/media?parent=12086"}],"curies":[{"name":"wp","href":"https:\/\/api.w.org\/{rel}","templated":true}]}}