{"id":13336,"date":"2025-07-20T04:29:50","date_gmt":"2025-07-20T04:29:50","guid":{"rendered":"https:\/\/eltiosampuertovallarta.com\/en\/?post_type=product&#038;p=13336"},"modified":"2025-07-20T04:29:51","modified_gmt":"2025-07-20T04:29:51","slug":"kit-filtro-para-campanas-smeg-klti12l4-kitfckbt-accesorio-el-tio-sam-puerto-vallarta","status":"publish","type":"product","link":"https:\/\/eltiosampuertovallarta.com\/en\/producto\/kit-filtro-para-campanas-smeg-klti12l4-kitfckbt-accesorio-el-tio-sam-puerto-vallarta\/","title":{"rendered":"Kit Filtro para Campanas Smeg KLTI12L4 \u2013 KITFCKBT \u2013 Accesorio \u2013 El T\u00edo Sam Puerto Vallarta"},"content":{"rendered":"","protected":false},"excerpt":{"rendered":"<p>Kit de filtro de carb\u00f3n activo dise\u00f1ado para las campanas Smeg modelo KLTI12L4. Ideal para instalaci\u00f3n en modo de recirculaci\u00f3n, ayuda a purificar el aire eliminando olores y grasas, asegurando un ambiente limpio en la cocina.<\/p>\n<p><strong>Caracter\u00edsticas:<\/strong><\/p>\n<ul>\n<li>\n<p>Compatible con campanas KLTI12L4<\/p>\n<\/li>\n<li>\n<p>Filtro de carb\u00f3n activo<\/p>\n<\/li>\n<li>\n<p>Ideal para recirculaci\u00f3n de aire<\/p>\n<\/li>\n<li>\n<p>Mejora la purificaci\u00f3n del ambiente<\/p>\n<\/li>\n<li>\n<p>Reduce olores y grasa en el aire<\/p>\n<\/li>\n<li>\n<p>F\u00e1cil de instalar y reemplazar<\/p>\n<\/li>\n<\/ul>\n","protected":false},"featured_media":13337,"comment_status":"open","ping_status":"closed","template":"","meta":[],"class_list":{"0":"post-13336","1":"product","2":"type-product","3":"status-publish","4":"has-post-thumbnail","6":"product_brand-smeg","7":"product_cat-range-hoods","8":"product_tag-accesorio-cocina","9":"product_tag-campana","10":"product_tag-campana-isla","11":"product_tag-carbon-activo","12":"product_tag-el-tio-sam-puerto-vallarta","13":"product_tag-filtro","14":"product_tag-klti12l4","15":"product_tag-purificador-aire","16":"product_tag-recirculacion","17":"product_tag-smeg","19":"first","20":"instock","21":"shipping-taxable","22":"product-type-simple"},"_links":{"self":[{"href":"https:\/\/eltiosampuertovallarta.com\/en\/wp-json\/wp\/v2\/product\/13336","targetHints":{"allow":["GET"]}}],"collection":[{"href":"https:\/\/eltiosampuertovallarta.com\/en\/wp-json\/wp\/v2\/product"}],"about":[{"href":"https:\/\/eltiosampuertovallarta.com\/en\/wp-json\/wp\/v2\/types\/product"}],"replies":[{"embeddable":true,"href":"https:\/\/eltiosampuertovallarta.com\/en\/wp-json\/wp\/v2\/comments?post=13336"}],"wp:featuredmedia":[{"embeddable":true,"href":"https:\/\/eltiosampuertovallarta.com\/en\/wp-json\/wp\/v2\/media\/13337"}],"wp:attachment":[{"href":"https:\/\/eltiosampuertovallarta.com\/en\/wp-json\/wp\/v2\/media?parent=13336"}],"curies":[{"name":"wp","href":"https:\/\/api.w.org\/{rel}","templated":true}]}}