{"id":5851,"date":"2021-08-05T17:55:24","date_gmt":"2021-08-05T17:55:24","guid":{"rendered":"https:\/\/eltiosampuertovallarta.com\/en\/?post_type=product&#038;p=5851"},"modified":"2021-09-18T23:14:40","modified_gmt":"2021-09-18T23:14:40","slug":"horizontal-freezer-mabe-11ft-white-chm11bps-el-tio-sam-puerto-vallarta","status":"publish","type":"product","link":"https:\/\/eltiosampuertovallarta.com\/en\/producto\/horizontal-freezer-mabe-11ft-white-chm11bps-el-tio-sam-puerto-vallarta\/","title":{"rendered":"Horizontal Freezer Mabe 11ft white &#8211; CHM11BPS0 &#8211; El Tio Sam Puerto Vallarta"},"content":{"rendered":"","protected":false},"excerpt":{"rendered":"<p>Exclusiva tecnolog\u00eda que mantiene frescos los alimentos hasta por 100 horas sin energ\u00eda el\u00e9ctrica.Triple funci\u00f3n que enfr\u00eda, congela y mantiene la temperatura ideal para tus alimentos. 9 niveles de temperatura: para regularla de acuerdo a cada necesidad.<\/p>\n<p>Features:<\/p>\n<p>Height: 85.0 cm Width: 111.5 cm Depth: 67.0 cm Weight: 42.0 kg<\/p>\n<p>Capacity (L) 11 cu. ft.<br \/>\nSafety plate No<br \/>\nColor White<br \/>\nTemperature Control Electronic<br \/>\nSplitter No<br \/>\nEnergy Star No<br \/>\nWater Filter No<br \/>\nPower Indicator Yes<br \/>\nProfessional Line<br \/>\nInterior light No<br \/>\nNumber of baskets 2<br \/>\nNumber of doors 1<br \/>\nWheels Yes<br \/>\nDrain plug No<br \/>\nDefrost type Semi-automatic<br \/>\nInterior cabinet type Plastic<br \/>\nVolts \/ Frequency 115V; 60Hz; 20A<\/p>\n","protected":false},"featured_media":5852,"comment_status":"open","ping_status":"closed","template":"","meta":[],"class_list":{"0":"post-5851","1":"product","2":"type-product","3":"status-publish","4":"has-post-thumbnail","6":"product_brand-mabe","7":"product_cat-freezers","8":"product_tag-bottom-freezer-refrigerator","9":"product_tag-el-tio-sam-appliances-vallarta","10":"product_tag-mabe","11":"product_tag-side-freezer","12":"product_tag-tio-sam-puerto-vallarta","14":"first","15":"instock","16":"shipping-taxable","17":"product-type-simple"},"_links":{"self":[{"href":"https:\/\/eltiosampuertovallarta.com\/en\/wp-json\/wp\/v2\/product\/5851","targetHints":{"allow":["GET"]}}],"collection":[{"href":"https:\/\/eltiosampuertovallarta.com\/en\/wp-json\/wp\/v2\/product"}],"about":[{"href":"https:\/\/eltiosampuertovallarta.com\/en\/wp-json\/wp\/v2\/types\/product"}],"replies":[{"embeddable":true,"href":"https:\/\/eltiosampuertovallarta.com\/en\/wp-json\/wp\/v2\/comments?post=5851"}],"wp:featuredmedia":[{"embeddable":true,"href":"https:\/\/eltiosampuertovallarta.com\/en\/wp-json\/wp\/v2\/media\/5852"}],"wp:attachment":[{"href":"https:\/\/eltiosampuertovallarta.com\/en\/wp-json\/wp\/v2\/media?parent=5851"}],"curies":[{"name":"wp","href":"https:\/\/api.w.org\/{rel}","templated":true}]}}